{"id":5268,"date":"2021-04-18T18:21:39","date_gmt":"2021-04-18T15:21:39","guid":{"rendered":"http:\/\/onrmakine.com\/?page_id=5268"},"modified":"2026-03-29T23:08:11","modified_gmt":"2026-03-29T20:08:11","slug":"hakkimizda","status":"publish","type":"page","link":"https:\/\/onrmakine.com\/?page_id=5268","title":{"rendered":"HAKKIMIZDA"},"content":{"rendered":"\t\t<div data-elementor-type=\"wp-page\" data-elementor-id=\"5268\" class=\"elementor elementor-5268\">\n\t\t\t\t\t\t\t\t\t<section class=\"elementor-section elementor-top-section elementor-element elementor-element-3d6902b8 ot-traditional elementor-section-boxed elementor-section-height-default elementor-section-height-default\" data-id=\"3d6902b8\" data-element_type=\"section\" data-settings=\"{&quot;background_background&quot;:&quot;classic&quot;}\">\n\t\t\t\t\t\t<div class=\"elementor-container elementor-column-gap-default\">\n\t\t\t\t\t<div class=\"elementor-column elementor-col-50 elementor-top-column elementor-element elementor-element-510cc72a ot-flex-column-vertical\" data-id=\"510cc72a\" data-element_type=\"column\">\n\t\t\t<div class=\"elementor-widget-wrap elementor-element-populated\">\n\t\t\t\t\t\t\t\t<div class=\"elementor-element elementor-element-74282f51 elementor-widget elementor-widget-iheading\" data-id=\"74282f51\" data-element_type=\"widget\" data-widget_type=\"iheading.default\">\n\t\t\t\t<div class=\"elementor-widget-container\">\n\t\t\t\t\t<div class=\"ot-heading\">\r\n\t        <h2 class=\"main-heading\">HAKKIMIZDA<\/h2>\t    <\/div>\r\n\t    \t\t<\/div>\n\t\t\t\t<\/div>\n\t\t\t\t<div class=\"elementor-element elementor-element-2b25c337 elementor-widget-divider--view-line elementor-widget elementor-widget-divider\" data-id=\"2b25c337\" data-element_type=\"widget\" data-widget_type=\"divider.default\">\n\t\t\t\t<div class=\"elementor-widget-container\">\n\t\t\t\t\t<div class=\"elementor-divider\">\n\t\t\t<span class=\"elementor-divider-separator\">\n\t\t\t\t\t\t<\/span>\n\t\t<\/div>\n\t\t\t\t<\/div>\n\t\t\t\t<\/div>\n\t\t\t\t<div class=\"elementor-element elementor-element-285116c5 elementor-widget elementor-widget-text-editor\" data-id=\"285116c5\" data-element_type=\"widget\" data-widget_type=\"text-editor.default\">\n\t\t\t\t<div class=\"elementor-widget-container\">\n\t\t\t\t\t\t\t<p>2005 y\u0131l\u0131nda kendi b\u00fcnyemizdeki f\u0131nd\u0131k al\u0131m sat\u0131m tesislerimizde g\u00fcnl\u00fck al\u0131m kapasitemizi artt\u0131rmak ve rand\u0131man k\u0131rma ve hesaplama i\u015fleminde harcanan zaman\u0131 azaltarak g\u00fcnl\u00fck al\u0131m sat\u0131m hacmimizi artt\u0131rmak ve al\u0131nan her \u00fcr\u00fcn\u00fcn analizini yapabilmek i\u00e7in ba\u015flatt\u0131\u011f\u0131m\u0131z AR-GE \u00e7al\u0131\u015fmalar\u0131ndan sonra bulu\u015funu ve icad\u0131n\u0131 yapt\u0131\u011f\u0131m\u0131z f\u0131nd\u0131k k\u0131rma ve rand\u0131man makinesinin piyasada faaliyet g\u00f6steren di\u011fer firmalar taraf\u0131ndan ilgi g\u00f6rmesi \u00fczerine , 2014 y\u0131l\u0131nda kurdu\u011fumuz Onur F\u0131nd\u0131k Makine firmas\u0131 ad\u0131na alt\u0131nda f\u0131nd\u0131k k\u0131rma ve rand\u0131man makinesi ile piyasaya girmi\u015f olup daha sonras\u0131nda yeni nesil f\u0131nd\u0131k k\u0131rma sistemleri \u00fczerine farkl\u0131 kapasite ve kullan\u0131ma uygun \u00fcr\u00fcnler geli\u015ftirerek siz de\u011ferleri m\u00fc\u015fterilerimize hizmet sa\u011flamaktay\u0131z.Geli\u015ftirdi\u011fimiz baz\u0131 \u00fcr\u00fcnlerimizde piyasada belli bir sat\u0131\u015f hacmine ula\u015fm\u0131\u015f olup sekt\u00f6rde tercih edilen firmalar aras\u0131nda yer almaktay\u0131z.<\/p><p><strong>\u00dcretimini yapt\u0131\u011f\u0131 \u00fcr\u00fcnler aras\u0131nda;<\/strong><\/p><p>D\u00fcnyada lider oldu\u011fu f\u0131nd\u0131k rand\u0131man makinesi, butik f\u0131nd\u0131k k\u0131rma ayr\u0131\u015ft\u0131rma tesisi \u00fcreten Onur F\u0131nd\u0131k Makine, uzun y\u0131llar s\u00fcren Ar-Ge \u00e7al\u0131\u015fmalar\u0131 sonucunda \u00fcretmi\u015f oldu\u011fu son teknoloji patentli f\u0131nd\u0131k k\u0131rma ve ayr\u0131\u015ft\u0131rma sistemlerini sekt\u00f6r\u00fcn \u00f6nc\u00fc \u00fclkelerine ihra\u00e7 etmektedir.<\/p><p>Sekt\u00f6rdeki geli\u015fmeleri yak\u0131ndan takip ederek, her ge\u00e7en g\u00fcn kendini geli\u015ftirip, yenileyen ve \u00fcretim kapasitesini artt\u0131rmakla birlikte ilklere de imza atan Onur F\u0131nd\u0131k Makine \u00f6nc\u00fc olmaya devam etmektedir.<\/p>\t\t\t\t\t\t<\/div>\n\t\t\t\t<\/div>\n\t\t\t\t\t<\/div>\n\t\t<\/div>\n\t\t\t\t<div class=\"elementor-column elementor-col-50 elementor-top-column elementor-element elementor-element-31ef903a ot-column-items-center ot-flex-column-vertical\" data-id=\"31ef903a\" data-element_type=\"column\">\n\t\t\t<div class=\"elementor-widget-wrap elementor-element-populated\">\n\t\t\t\t\t\t\t\t<div class=\"elementor-element elementor-element-43dd944f elementor-widget elementor-widget-image\" data-id=\"43dd944f\" data-element_type=\"widget\" data-widget_type=\"image.default\">\n\t\t\t\t<div class=\"elementor-widget-container\">\n\t\t\t\t\t\t\t\t\t\t\t\t\t\t\t<img loading=\"lazy\" decoding=\"async\" width=\"942\" height=\"1024\" src=\"https:\/\/onrmakine.com\/wp-content\/uploads\/2021\/04\/icon-942x1024.png\" class=\"attachment-large size-large\" alt=\"\" srcset=\"https:\/\/onrmakine.com\/wp-content\/uploads\/2021\/04\/icon-942x1024.png 942w, https:\/\/onrmakine.com\/wp-content\/uploads\/2021\/04\/icon-276x300.png 276w, https:\/\/onrmakine.com\/wp-content\/uploads\/2021\/04\/icon-768x835.png 768w, https:\/\/onrmakine.com\/wp-content\/uploads\/2021\/04\/icon-720x783.png 720w, https:\/\/onrmakine.com\/wp-content\/uploads\/2021\/04\/icon.png 1336w\" sizes=\"auto, (max-width: 942px) 100vw, 942px\" \/>\t\t\t\t\t\t\t\t\t\t\t\t\t\t\t<\/div>\n\t\t\t\t<\/div>\n\t\t\t\t\t<\/div>\n\t\t<\/div>\n\t\t\t\t\t\t\t<\/div>\n\t\t<\/section>\n\t\t\t\t\t\t\t<\/div>\n\t\t","protected":false},"excerpt":{"rendered":"<p>HAKKIMIZDA 2005 y\u0131l\u0131nda kendi b\u00fcnyemizdeki f\u0131nd\u0131k al\u0131m sat\u0131m tesislerimizde g\u00fcnl\u00fck al\u0131m kapasitemizi artt\u0131rmak ve rand\u0131man k\u0131rma ve hesaplama i\u015fleminde harcanan zaman\u0131 azaltarak g\u00fcnl\u00fck al\u0131m sat\u0131m hacmimizi artt\u0131rmak ve al\u0131nan her \u00fcr\u00fcn\u00fcn analizini yapabilmek i\u00e7in ba\u015flatt\u0131\u011f\u0131m\u0131z AR-GE \u00e7al\u0131\u015fmalar\u0131ndan sonra bulu\u015funu ve icad\u0131n\u0131 yapt\u0131\u011f\u0131m\u0131z f\u0131nd\u0131k k\u0131rma ve rand\u0131man makinesinin piyasada faaliyet g\u00f6steren di\u011fer firmalar taraf\u0131ndan ilgi g\u00f6rmesi [&hellip;]<\/p>\n","protected":false},"author":1,"featured_media":0,"parent":0,"menu_order":0,"comment_status":"closed","ping_status":"closed","template":"","meta":{"footnotes":""},"class_list":["post-5268","page","type-page","status-publish","hentry"],"_links":{"self":[{"href":"https:\/\/onrmakine.com\/index.php?rest_route=\/wp\/v2\/pages\/5268","targetHints":{"allow":["GET"]}}],"collection":[{"href":"https:\/\/onrmakine.com\/index.php?rest_route=\/wp\/v2\/pages"}],"about":[{"href":"https:\/\/onrmakine.com\/index.php?rest_route=\/wp\/v2\/types\/page"}],"author":[{"embeddable":true,"href":"https:\/\/onrmakine.com\/index.php?rest_route=\/wp\/v2\/users\/1"}],"replies":[{"embeddable":true,"href":"https:\/\/onrmakine.com\/index.php?rest_route=%2Fwp%2Fv2%2Fcomments&post=5268"}],"version-history":[{"count":20,"href":"https:\/\/onrmakine.com\/index.php?rest_route=\/wp\/v2\/pages\/5268\/revisions"}],"predecessor-version":[{"id":6675,"href":"https:\/\/onrmakine.com\/index.php?rest_route=\/wp\/v2\/pages\/5268\/revisions\/6675"}],"wp:attachment":[{"href":"https:\/\/onrmakine.com\/index.php?rest_route=%2Fwp%2Fv2%2Fmedia&parent=5268"}],"curies":[{"name":"wp","href":"https:\/\/api.w.org\/{rel}","templated":true}]}}